{"id":660,"date":"2022-03-22T20:17:53","date_gmt":"2022-03-22T19:17:53","guid":{"rendered":"https:\/\/llengua.catalunyanord.cat\/?page_id=660"},"modified":"2022-03-23T10:24:41","modified_gmt":"2022-03-23T09:24:41","slug":"que-es-el-collectiu","status":"publish","type":"page","link":"https:\/\/llengua.catalunyanord.cat\/index.php\/que-es-el-collectiu\/","title":{"rendered":"Qu\u00e8 \u00e9s el Col\u00b7lectiu?"},"content":{"rendered":"\t\t<div data-elementor-type=\"wp-page\" data-elementor-id=\"660\" class=\"elementor elementor-660\">\n\t\t\t\t\t\t\t\t\t<section class=\"elementor-section elementor-top-section elementor-element elementor-element-4344af30 elementor-section-boxed elementor-section-height-default elementor-section-height-default\" data-id=\"4344af30\" data-element_type=\"section\" data-settings=\"{&quot;background_background&quot;:&quot;classic&quot;}\">\n\t\t\t\t\t\t\t<div class=\"elementor-background-overlay\"><\/div>\n\t\t\t\t\t\t\t<div class=\"elementor-container elementor-column-gap-default\">\n\t\t\t\t\t<div class=\"elementor-column elementor-col-100 elementor-top-column elementor-element elementor-element-39aea67f\" data-id=\"39aea67f\" data-element_type=\"column\">\n\t\t\t<div class=\"elementor-widget-wrap elementor-element-populated\">\n\t\t\t\t\t\t\t\t<div class=\"elementor-element elementor-element-7adfe2a2 elementor-widget elementor-widget-heading\" data-id=\"7adfe2a2\" data-element_type=\"widget\" data-widget_type=\"heading.default\">\n\t\t\t\t<div class=\"elementor-widget-container\">\n\t\t\t<style>\/*! elementor - v3.11.3 - 07-03-2023 *\/\n.elementor-heading-title{padding:0;margin:0;line-height:1}.elementor-widget-heading .elementor-heading-title[class*=elementor-size-]>a{color:inherit;font-size:inherit;line-height:inherit}.elementor-widget-heading .elementor-heading-title.elementor-size-small{font-size:15px}.elementor-widget-heading .elementor-heading-title.elementor-size-medium{font-size:19px}.elementor-widget-heading .elementor-heading-title.elementor-size-large{font-size:29px}.elementor-widget-heading .elementor-heading-title.elementor-size-xl{font-size:39px}.elementor-widget-heading .elementor-heading-title.elementor-size-xxl{font-size:59px}<\/style><h6 class=\"elementor-heading-title elementor-size-default\">About<\/h6>\t\t<\/div>\n\t\t\t\t<\/div>\n\t\t\t\t<div class=\"elementor-element elementor-element-240565a8 elementor-invisible elementor-widget elementor-widget-heading\" data-id=\"240565a8\" data-element_type=\"widget\" data-settings=\"{&quot;_animation&quot;:&quot;fadeInUp&quot;}\" data-widget_type=\"heading.default\">\n\t\t\t\t<div class=\"elementor-widget-container\">\n\t\t\t<h1 class=\"elementor-heading-title elementor-size-default\">El Col\u00b7lectiu 2 d'Abril<\/h1>\t\t<\/div>\n\t\t\t\t<\/div>\n\t\t\t\t\t<\/div>\n\t\t<\/div>\n\t\t\t\t\t\t\t<\/div>\n\t\t<\/section>\n\t\t\t\t<section class=\"elementor-section elementor-top-section elementor-element elementor-element-45b1915 elementor-section-content-middle elementor-section-boxed elementor-section-height-default elementor-section-height-default\" data-id=\"45b1915\" data-element_type=\"section\" data-settings=\"{&quot;background_background&quot;:&quot;classic&quot;}\">\n\t\t\t\t\t\t<div class=\"elementor-container elementor-column-gap-default\">\n\t\t\t\t\t<div class=\"elementor-column elementor-col-66 elementor-top-column elementor-element elementor-element-614bc655\" data-id=\"614bc655\" data-element_type=\"column\">\n\t\t\t<div class=\"elementor-widget-wrap elementor-element-populated\">\n\t\t\t\t\t\t\t\t<div class=\"elementor-element elementor-element-1e1c01b5 elementor-invisible elementor-widget elementor-widget-image\" data-id=\"1e1c01b5\" data-element_type=\"widget\" data-settings=\"{&quot;_animation&quot;:&quot;fadeInDown&quot;,&quot;_animation_delay&quot;:&quot;200&quot;}\" data-widget_type=\"image.default\">\n\t\t\t\t<div class=\"elementor-widget-container\">\n\t\t\t<style>\/*! elementor - v3.11.3 - 07-03-2023 *\/\n.elementor-widget-image{text-align:center}.elementor-widget-image a{display:inline-block}.elementor-widget-image a img[src$=\".svg\"]{width:48px}.elementor-widget-image img{vertical-align:middle;display:inline-block}<\/style>\t\t\t\t\t\t\t\t\t\t\t\t<img loading=\"lazy\" decoding=\"async\" width=\"388\" height=\"190\" src=\"https:\/\/i0.wp.com\/llengua.catalunyanord.cat\/wp-content\/uploads\/2022\/03\/logo-2A-1.jpg?fit=388%2C190&amp;ssl=1\" class=\"attachment-large size-large wp-image-258\" alt=\"\" srcset=\"https:\/\/i0.wp.com\/llengua.catalunyanord.cat\/wp-content\/uploads\/2022\/03\/logo-2A-1.jpg?w=388&amp;ssl=1 388w, https:\/\/i0.wp.com\/llengua.catalunyanord.cat\/wp-content\/uploads\/2022\/03\/logo-2A-1.jpg?resize=300%2C147&amp;ssl=1 300w\" sizes=\"auto, (max-width: 388px) 100vw, 388px\" \/>\t\t\t\t\t\t\t\t\t\t\t\t\t\t\t<\/div>\n\t\t\t\t<\/div>\n\t\t\t\t<div class=\"elementor-element elementor-element-4e153f91 elementor-invisible elementor-widget elementor-widget-heading\" data-id=\"4e153f91\" data-element_type=\"widget\" data-settings=\"{&quot;_animation&quot;:&quot;fadeInLeft&quot;}\" data-widget_type=\"heading.default\">\n\t\t\t\t<div class=\"elementor-widget-container\">\n\t\t\t<h6 class=\"elementor-heading-title elementor-size-default\">El Co\u0140lectiu 2 d\u2019abril neix de la voluntat de capgirar la l\u00f2gica republicana francesa de cara a la pol\u00edtica ling\u00fc\u00edstica de l\u2019Estat: fer desapar\u00e8ixer les lleng\u00fces mal anomenades regionals o minort\u00e0ries.&nbsp;<\/h6>\t\t<\/div>\n\t\t\t\t<\/div>\n\t\t\t\t<section class=\"elementor-section elementor-inner-section elementor-element elementor-element-7489dda6 elementor-section-boxed elementor-section-height-default elementor-section-height-default\" data-id=\"7489dda6\" data-element_type=\"section\">\n\t\t\t\t\t\t<div class=\"elementor-container elementor-column-gap-no\">\n\t\t\t\t\t<div class=\"elementor-column elementor-col-50 elementor-inner-column elementor-element elementor-element-4ba1ba0f\" data-id=\"4ba1ba0f\" data-element_type=\"column\">\n\t\t\t<div class=\"elementor-widget-wrap elementor-element-populated\">\n\t\t\t\t\t\t\t\t<div class=\"elementor-element elementor-element-47b48f07 elementor-widget elementor-widget-heading\" data-id=\"47b48f07\" data-element_type=\"widget\" data-widget_type=\"heading.default\">\n\t\t\t\t<div class=\"elementor-widget-container\">\n\t\t\t<h5 class=\"elementor-heading-title elementor-size-default\">2 d'abril?<\/h5>\t\t<\/div>\n\t\t\t\t<\/div>\n\t\t\t\t<div class=\"elementor-element elementor-element-32feb9bb elementor-widget elementor-widget-text-editor\" data-id=\"32feb9bb\" data-element_type=\"widget\" data-widget_type=\"text-editor.default\">\n\t\t\t\t<div class=\"elementor-widget-container\">\n\t\t\t<style>\/*! elementor - v3.11.3 - 07-03-2023 *\/\n.elementor-widget-text-editor.elementor-drop-cap-view-stacked .elementor-drop-cap{background-color:#818a91;color:#fff}.elementor-widget-text-editor.elementor-drop-cap-view-framed .elementor-drop-cap{color:#818a91;border:3px solid;background-color:transparent}.elementor-widget-text-editor:not(.elementor-drop-cap-view-default) .elementor-drop-cap{margin-top:8px}.elementor-widget-text-editor:not(.elementor-drop-cap-view-default) .elementor-drop-cap-letter{width:1em;height:1em}.elementor-widget-text-editor .elementor-drop-cap{float:left;text-align:center;line-height:1;font-size:50px}.elementor-widget-text-editor .elementor-drop-cap-letter{display:inline-block}<\/style>\t\t\t\t<p><span style=\"color: var( --e-global-color-text ); font-family: var( --e-global-typography-text-font-family ), Sans-serif; font-size: var( --e-global-typography-text-font-size ); font-weight: var( --e-global-typography-text-font-weight ); text-transform: var( --e-global-typography-text-text-transform );\">El 2 d\u2019abril commemorem el trist aniversari de l\u2019<\/span><a style=\"background-color: #ffffff; font-family: var( --e-global-typography-text-font-family ), Sans-serif; font-size: var( --e-global-typography-text-font-size ); font-weight: var( --e-global-typography-text-font-weight ); text-transform: var( --e-global-typography-text-text-transform ); color: #0c5390;\" title=\"Edit du\u00a0Roy\" href=\"https:\/\/llengua.catalunyanord.cat\/index.php\/edit-du-roy\/\" target=\"_blank\" rel=\"noopener\" data-saferedirecturl=\"https:\/\/www.google.com\/url?q=https:\/\/potonejada.wordpress.com\/edit-du-roy\/&amp;source=gmail&amp;ust=1648062491957000&amp;usg=AOvVaw1ju2BX-3V3xWWvbMP1Tq8S\">Edicte reial<\/a><span style=\"color: var( --e-global-color-text ); font-family: var( --e-global-typography-text-font-family ), Sans-serif; font-size: var( --e-global-typography-text-font-size ); font-weight: var( --e-global-typography-text-font-weight ); text-transform: var( --e-global-typography-text-text-transform );\"> que va prohibir l\u2019\u00fas oficial de la llengua catalana als antics Comtats<\/span>.\u00a0<\/p>\t\t\t\t\t\t<\/div>\n\t\t\t\t<\/div>\n\t\t\t\t\t<\/div>\n\t\t<\/div>\n\t\t\t\t<div class=\"elementor-column elementor-col-50 elementor-inner-column elementor-element elementor-element-2a4dcf38\" data-id=\"2a4dcf38\" data-element_type=\"column\">\n\t\t\t<div class=\"elementor-widget-wrap elementor-element-populated\">\n\t\t\t\t\t\t\t\t<div class=\"elementor-element elementor-element-107fa21 elementor-widget elementor-widget-heading\" data-id=\"107fa21\" data-element_type=\"widget\" data-widget_type=\"heading.default\">\n\t\t\t\t<div class=\"elementor-widget-container\">\n\t\t\t<h5 class=\"elementor-heading-title elementor-size-default\">2 d'abril<\/h5>\t\t<\/div>\n\t\t\t\t<\/div>\n\t\t\t\t<div class=\"elementor-element elementor-element-43ebab82 elementor-widget elementor-widget-text-editor\" data-id=\"43ebab82\" data-element_type=\"widget\" data-widget_type=\"text-editor.default\">\n\t\t\t\t<div class=\"elementor-widget-container\">\n\t\t\t\t\t\t\t<p>Una data simb\u00f2lica per\u00f2 ni la primera, ni la darrera data de la llarga repressi\u00f3 que pateix la llengua catalana i els seus parlants.<\/p>\t\t\t\t\t\t<\/div>\n\t\t\t\t<\/div>\n\t\t\t\t\t<\/div>\n\t\t<\/div>\n\t\t\t\t\t\t\t<\/div>\n\t\t<\/section>\n\t\t\t\t\t<\/div>\n\t\t<\/div>\n\t\t\t\t<div class=\"elementor-column elementor-col-33 elementor-top-column elementor-element elementor-element-3e387bd3\" data-id=\"3e387bd3\" data-element_type=\"column\" data-settings=\"{&quot;background_background&quot;:&quot;classic&quot;}\">\n\t\t\t<div class=\"elementor-widget-wrap elementor-element-populated\">\n\t\t\t\t\t\t\t\t<div class=\"elementor-element elementor-element-37fd772b elementor-widget elementor-widget-spacer\" data-id=\"37fd772b\" data-element_type=\"widget\" data-widget_type=\"spacer.default\">\n\t\t\t\t<div class=\"elementor-widget-container\">\n\t\t\t<style>\/*! elementor - v3.11.3 - 07-03-2023 *\/\n.elementor-column .elementor-spacer-inner{height:var(--spacer-size)}.e-con{--container-widget-width:100%}.e-con-inner>.elementor-widget-spacer,.e-con>.elementor-widget-spacer{width:var(--container-widget-width,var(--spacer-size));--align-self:var(--container-widget-align-self,initial);--flex-shrink:0}.e-con-inner>.elementor-widget-spacer>.elementor-widget-container,.e-con-inner>.elementor-widget-spacer>.elementor-widget-container>.elementor-spacer,.e-con>.elementor-widget-spacer>.elementor-widget-container,.e-con>.elementor-widget-spacer>.elementor-widget-container>.elementor-spacer{height:100%}.e-con-inner>.elementor-widget-spacer>.elementor-widget-container>.elementor-spacer>.elementor-spacer-inner,.e-con>.elementor-widget-spacer>.elementor-widget-container>.elementor-spacer>.elementor-spacer-inner{height:var(--container-widget-height,var(--spacer-size))}<\/style>\t\t<div class=\"elementor-spacer\">\n\t\t\t<div class=\"elementor-spacer-inner\"><\/div>\n\t\t<\/div>\n\t\t\t\t<\/div>\n\t\t\t\t<\/div>\n\t\t\t\t\t<\/div>\n\t\t<\/div>\n\t\t\t\t\t\t\t<\/div>\n\t\t<\/section>\n\t\t\t\t<section class=\"elementor-section elementor-top-section elementor-element elementor-element-56fa9268 elementor-section-content-bottom elementor-section-boxed elementor-section-height-default elementor-section-height-default\" data-id=\"56fa9268\" data-element_type=\"section\" data-settings=\"{&quot;background_background&quot;:&quot;classic&quot;}\">\n\t\t\t\t\t\t<div class=\"elementor-container elementor-column-gap-default\">\n\t\t\t\t\t<div class=\"elementor-column elementor-col-100 elementor-top-column elementor-element elementor-element-2780d2c6\" data-id=\"2780d2c6\" data-element_type=\"column\">\n\t\t\t<div class=\"elementor-widget-wrap elementor-element-populated\">\n\t\t\t\t\t\t\t\t<div class=\"elementor-element elementor-element-3e4439c1 elementor-widget elementor-widget-text-editor\" data-id=\"3e4439c1\" data-element_type=\"widget\" data-widget_type=\"text-editor.default\">\n\t\t\t\t<div class=\"elementor-widget-container\">\n\t\t\t\t\t\t\t<h6>Aquest edicte sempre vigent ha estat enfortit el 1992 pels parlamentaris francesos quan van modificar la \u201c<a href=\"http:\/\/www.assemblee-nationale.fr\/connaissance\/constitution.asp\" target=\"_blank\" rel=\"noopener\" data-saferedirecturl=\"https:\/\/www.google.com\/url?q=http:\/\/www.assemblee-nationale.fr\/connaissance\/constitution.asp&amp;source=gmail&amp;ust=1648062491957000&amp;usg=AOvVaw1T1c-9XTzhC2jtvmi0zNaG\">Constitution\u201d<\/a>\u00a0afegint a l\u2019article 2:<\/h6><h6>\u201c<em>La langue de la R\u00e9publique est le fran\u00e7ais<\/em>\u201c.<\/h6><p>Aquesta simple afirmaci\u00f3 prohibeix els drets m\u00e9s elementals al conjunt dels parlants de les lleng\u00fces de tots els territoris administrats per Fran\u00e7a. Sola la llengua francesa t\u00e9 drets.<\/p><p>El 1999 l\u2019Estat franc\u00e8s firmava la\u00a0<a href=\"http:\/\/www20.gencat.cat\/docs\/Llengcat\/Documents\/Altres\/Arxius\/cartaeur(1).pdf\" target=\"_blank\" rel=\"noopener\" data-saferedirecturl=\"https:\/\/www.google.com\/url?q=http:\/\/www20.gencat.cat\/docs\/Llengcat\/Documents\/Altres\/Arxius\/cartaeur(1).pdf&amp;source=gmail&amp;ust=1648062491957000&amp;usg=AOvVaw271iVBH0_fXJG8M7d6LK9s\">Carta europea de les lleng\u00fces regionals o minorit\u00e0ries<\/a>, Carta que hauria pogut donar drets necessaris a la salvaguarda de les nostres lleng\u00fces minoritzades, per\u00f2 el <em>Conseil Constitutionnel<\/em> va decretar que \u201c<em>La langue de la R\u00e9publique est le fran\u00e7ais<\/em>\u201d impossibilitava la ratificaci\u00f3 de la Carta.<\/p><p>Fa m\u00e9s de tres segles que la llengua catalana resisteix a edictes, decrets, lleis i constitucions\u2026<\/p><p>La nostra ferma voluntat\u00a0 no \u00e9s de resistir si no que \u00e9s de capgirar la situaci\u00f3.<\/p>\t\t\t\t\t\t<\/div>\n\t\t\t\t<\/div>\n\t\t\t\t\t<\/div>\n\t\t<\/div>\n\t\t\t\t\t\t\t<\/div>\n\t\t<\/section>\n\t\t\t\t<section class=\"elementor-section elementor-top-section elementor-element elementor-element-2b85ae1 elementor-section-boxed elementor-section-height-default elementor-section-height-default\" data-id=\"2b85ae1\" data-element_type=\"section\">\n\t\t\t\t\t\t<div class=\"elementor-container elementor-column-gap-default\">\n\t\t\t\t\t<div class=\"elementor-column elementor-col-100 elementor-top-column elementor-element elementor-element-a32a8e2\" data-id=\"a32a8e2\" data-element_type=\"column\">\n\t\t\t<div class=\"elementor-widget-wrap elementor-element-populated\">\n\t\t\t\t\t\t\t\t<div class=\"elementor-element elementor-element-bedc0c1 elementor-widget elementor-widget-text-editor\" data-id=\"bedc0c1\" data-element_type=\"widget\" data-widget_type=\"text-editor.default\">\n\t\t\t\t<div class=\"elementor-widget-container\">\n\t\t\t\t\t\t\t<p>El Col\u00b7lectiu 2 d&#8217;Abril \u00e9s format per persones i <a href=\"https:\/\/llengua.catalunyanord.cat\/index.php\/entitats-adherides\/\" target=\"_blank\" rel=\"noopener\">entitats<\/a>.<\/p>\t\t\t\t\t\t<\/div>\n\t\t\t\t<\/div>\n\t\t\t\t\t<\/div>\n\t\t<\/div>\n\t\t\t\t\t\t\t<\/div>\n\t\t<\/section>\n\t\t\t\t\t\t\t<\/div>\n\t\t","protected":false},"excerpt":{"rendered":"<p>About El Col\u00b7lectiu 2 d&#8217;Abril El Co\u0140lectiu 2 d\u2019abril neix de la voluntat de capgirar la l\u00f2gica republicana francesa de cara a la pol\u00edtica ling\u00fc\u00edstica de l\u2019Estat: fer desapar\u00e8ixer les lleng\u00fces mal anomenades regionals o minort\u00e0ries.&nbsp; 2 d&#8217;abril? El 2 d\u2019abril commemorem el trist aniversari de l\u2019Edicte reial que va prohibir l\u2019\u00fas oficial de la [&hellip;]<\/p>\n","protected":false},"author":1,"featured_media":12,"parent":0,"menu_order":0,"comment_status":"closed","ping_status":"closed","template":"elementor_canvas","meta":{"footnotes":""},"class_list":["post-660","page","type-page","status-publish","has-post-thumbnail","hentry"],"jetpack-related-posts":[{"id":233,"url":"https:\/\/llengua.catalunyanord.cat\/index.php\/2-dabril-2022\/","url_meta":{"origin":660,"position":0},"title":"2 d&#8217;Abril 2022","date":"20 mar\u00e7 2022","format":false,"excerpt":"Parla-me#DiguisMeCoses Parla-me #DiguisMeCoses El 2 d'abril del 2012, ara fa 10 anys la Federaci\u00f3 publicava un LipDub per la llengua catalana, un acte realitzat el 30 de mar\u00e7 al qual m\u00e9s de 7000 persones havien participat, m\u00e9s de 7000 persones reunides per a reivindicar la llengua catalana, m\u00e9s de 7000\u2026","rel":"","context":"Similar post","img":{"alt_text":"","src":"https:\/\/i0.wp.com\/llengua.catalunyanord.cat\/wp-content\/uploads\/2022\/03\/2-d-abril-3-logos-web.jpg?fit=849%2C1200&ssl=1&resize=350%2C200","width":350,"height":200},"classes":[]},{"id":212,"url":"https:\/\/llengua.catalunyanord.cat\/index.php\/compromis-amb-la-llengua\/","url_meta":{"origin":660,"position":1},"title":"Comprom\u00eds amb la llengua","date":"20 mar\u00e7 2022","format":false,"excerpt":"Viu una llengua quan s'usa El meu comprom\u00eds amb la llengua catalana Parlants Sem 10 milions arreu dels Pa\u00efsos Catalans. A Catalunya Nord Dels 470.000 ciutadans, m\u00e9s de 60% diuen entendre la llengua catalana. M\u00e9s de 30% diu que la sap parlar. A Catalunya Nord 1,5% dels ciutadans diuen parlar\u2026","rel":"","context":"Similar post","img":{"alt_text":"","src":"","width":0,"height":0},"classes":[]},{"id":306,"url":"https:\/\/llengua.catalunyanord.cat\/index.php\/qui-sem\/","url_meta":{"origin":660,"position":2},"title":"Qui sem","date":"20 mar\u00e7 2022","format":false,"excerpt":"Qui sem Grace Your Life With Comfort We are the solution for those of you who are looking for Access to Safe, Smart, and Secure life Safety Home Lorem ipsum dolor sit amet, consectetur adipiscing elit.\u00a0 Save Energy Lorem ipsum dolor sit amet, consectetur adipiscing elit.\u00a0 Our Story Faucibus interdum\u2026","rel":"","context":"Similar post","img":{"alt_text":"","src":"","width":0,"height":0},"classes":[]},{"id":315,"url":"https:\/\/llengua.catalunyanord.cat\/index.php\/contactans\/","url_meta":{"origin":660,"position":3},"title":"Contacta&#8217;ns","date":"20 mar\u00e7 2022","format":false,"excerpt":"Contacta'ns En vols saber m\u00e9s? Vols participar? La teva adre\u00e7a de correu electr\u00f2nic no es publicar\u00e0. Els camps obligatoris estan marcats amb * En vols saber m\u00e9s? Si vols parlar... Seu social 23 avinguda del Liceu - Perpiny\u00e0 Correu electr\u00f2nic Mail: llengua@catalunyanord.cat","rel":"","context":"Similar post","img":{"alt_text":"","src":"","width":0,"height":0},"classes":[]},{"id":350,"url":"https:\/\/llengua.catalunyanord.cat\/index.php\/la-llengua-catalana-a-lespai-public\/","url_meta":{"origin":660,"position":4},"title":"La llengua catalana a l&#8217;espai p\u00fablic","date":"20 mar\u00e7 2022","format":false,"excerpt":"#ExigimRespecteAlCatala La llengua catalana mereix respecte #ExigimRespecteAlCatala Les institucions han de corregir centenars de r\u00e8tols a l'espai p\u00fablic! Argelers #ExigimRespectePelCatala Banyuls dels Aspres #ExigimRespectePelCatala Cabestany #ExigimRespectePelCatala Ceret #ExigimRespectePelCatala El Pert\u00fas #ExigimRespectePelCatala El Vol\u00f3 #ExigimRespectePelCatala Na\u00fcja #ExigimRespectePelCatala Pa\u00e7\u00e0 #ExigimRespectePelCatala Rius #ExigimRespectePelCatala Rius #ExigimRespectePelCatala Colls #ExigimRespectePelCatala Pics #ExigimRespectePelCatala La llengua catalana \u00e9s\u2026","rel":"","context":"Similar post","img":{"alt_text":"","src":"","width":0,"height":0},"classes":[]},{"id":7,"url":"https:\/\/llengua.catalunyanord.cat\/","url_meta":{"origin":660,"position":5},"title":"Inici","date":"20 mar\u00e7 2022","format":false,"excerpt":"Benvinguts! Col\u00b7lectiu 2 d'Abril El Col\u00b7lectiu 2 d'Abril \u00e9s una associaci\u00f3 llei 1901, composta d'entitats i de persones preocupades per la situaci\u00f3 de la llengua catalana a Catalunya Nord. Adhereix al COMPROM\u00cdS PER LA LLENGUA Parla-me, diguis-me coses La situaci\u00f3 de la llengua catalana arreu dels territoris de parla catalana\u2026","rel":"","context":"Similar post","img":{"alt_text":"","src":"https:\/\/i0.wp.com\/llengua.catalunyanord.cat\/wp-content\/uploads\/2023\/04\/portada-agenda-1024x576.jpg?resize=350%2C200&ssl=1","width":350,"height":200},"classes":[]}],"_links":{"self":[{"href":"https:\/\/llengua.catalunyanord.cat\/index.php\/wp-json\/wp\/v2\/pages\/660","targetHints":{"allow":["GET"]}}],"collection":[{"href":"https:\/\/llengua.catalunyanord.cat\/index.php\/wp-json\/wp\/v2\/pages"}],"about":[{"href":"https:\/\/llengua.catalunyanord.cat\/index.php\/wp-json\/wp\/v2\/types\/page"}],"author":[{"embeddable":true,"href":"https:\/\/llengua.catalunyanord.cat\/index.php\/wp-json\/wp\/v2\/users\/1"}],"replies":[{"embeddable":true,"href":"https:\/\/llengua.catalunyanord.cat\/index.php\/wp-json\/wp\/v2\/comments?post=660"}],"version-history":[{"count":16,"href":"https:\/\/llengua.catalunyanord.cat\/index.php\/wp-json\/wp\/v2\/pages\/660\/revisions"}],"predecessor-version":[{"id":707,"href":"https:\/\/llengua.catalunyanord.cat\/index.php\/wp-json\/wp\/v2\/pages\/660\/revisions\/707"}],"wp:featuredmedia":[{"embeddable":true,"href":"https:\/\/llengua.catalunyanord.cat\/index.php\/wp-json\/wp\/v2\/media\/12"}],"wp:attachment":[{"href":"https:\/\/llengua.catalunyanord.cat\/index.php\/wp-json\/wp\/v2\/media?parent=660"}],"curies":[{"name":"wp","href":"https:\/\/api.w.org\/{rel}","templated":true}]}}